{"id":169,"date":"2022-03-03T16:14:31","date_gmt":"2022-03-03T16:14:31","guid":{"rendered":"https:\/\/baerenhoefli.ch\/impressum-responsabilite\/"},"modified":"2022-03-08T18:53:00","modified_gmt":"2022-03-08T18:53:00","slug":"impressum","status":"publish","type":"page","link":"https:\/\/baerenhoefli.ch\/fr\/impressum\/","title":{"rendered":"IMPRESSUM \/ RESPONSABILIT\u00c9"},"content":{"rendered":"\n<p>L\u2019ensemble du contenu et des photos du pr\u00e9sent site Internet est prot\u00e9g\u00e9 par les droits d\u2019auteur et ne peut pas \u00eatre utilis\u00e9 sans le consentement \u00e9crit de Hotel Kreuz Bern AG.\nEn d\u00e9pit d\u2019un contr\u00f4le tr\u00e9s soigneux du contenu du pr\u00e9sent site, Hotel Kreuz Bern AG d\u00e9cline toute responsabilit\u00e9 quant \u00e0 l\u2019exactitude, au caract\u00e9re complet et \u00e0 jour des informations mises \u00e0 disposition. Les exploitants des sites en lien avec celui de l\u2019h\u00f4tel Kreuz sont responsables du contenu desdits sites.<\/p>\n\n\n\n<h2 class=\"wp-block-heading\">CONCEPTION, PROGRAMMATION &amp; STRUCTURE<\/h2>\n\n\n\n<p>\/\/ \u2013 dig.id GmbH<br>\/\/ \u2013 Grellingerstrasse 35<br>\/\/ \u2013 CH-4052 Basel<br>Web :\u00a0www.dig.id<\/p>\n","protected":false},"excerpt":{"rendered":"<p>L\u2019ensemble du contenu et des photos du pr\u00e9sent site Internet est prot\u00e9g\u00e9 par les droits d\u2019auteur et ne peut pas \u00eatre utilis\u00e9 sans le consentement \u00e9crit de Hotel Kreuz Bern AG. En d\u00e9pit d\u2019un contr\u00f4le tr\u00e9s soigneux du contenu du pr\u00e9sent site, Hotel Kreuz Bern AG d\u00e9cline toute responsabilit\u00e9 quant \u00e0 l\u2019exactitude, au caract\u00e9re complet [&hellip;]<\/p>\n","protected":false},"author":2,"featured_media":0,"parent":0,"menu_order":0,"comment_status":"closed","ping_status":"closed","template":"","meta":{"_acf_changed":false,"footnotes":""},"class_list":["post-169","page","type-page","status-publish","hentry"],"acf":[],"_links":{"self":[{"href":"https:\/\/baerenhoefli.ch\/fr\/wp-json\/wp\/v2\/pages\/169","targetHints":{"allow":["GET"]}}],"collection":[{"href":"https:\/\/baerenhoefli.ch\/fr\/wp-json\/wp\/v2\/pages"}],"about":[{"href":"https:\/\/baerenhoefli.ch\/fr\/wp-json\/wp\/v2\/types\/page"}],"author":[{"embeddable":true,"href":"https:\/\/baerenhoefli.ch\/fr\/wp-json\/wp\/v2\/users\/2"}],"replies":[{"embeddable":true,"href":"https:\/\/baerenhoefli.ch\/fr\/wp-json\/wp\/v2\/comments?post=169"}],"version-history":[{"count":0,"href":"https:\/\/baerenhoefli.ch\/fr\/wp-json\/wp\/v2\/pages\/169\/revisions"}],"wp:attachment":[{"href":"https:\/\/baerenhoefli.ch\/fr\/wp-json\/wp\/v2\/media?parent=169"}],"curies":[{"name":"wp","href":"https:\/\/api.w.org\/{rel}","templated":true}]}}